{"id":75,"date":"2024-09-16T20:59:32","date_gmt":"2024-09-16T20:59:32","guid":{"rendered":"https:\/\/samtecno.cl\/PIIMEP\/index.php\/front_page\/"},"modified":"2024-12-22T23:03:30","modified_gmt":"2024-12-22T23:03:30","slug":"front_page","status":"publish","type":"page","link":"https:\/\/samtecno.cl\/PIIMEP\/","title":{"rendered":"Home"},"content":{"rendered":"\n\n\n\n\n\n\n\n\n\n\n\n\n\n","protected":false},"excerpt":{"rendered":"","protected":false},"author":1,"featured_media":0,"parent":0,"menu_order":0,"comment_status":"closed","ping_status":"closed","template":"","meta":{"saved_in_kubio":true,"footnotes":""},"class_list":["post-75","page","type-page","status-publish","hentry"],"kubio_ai_page_context":{"short_desc":"","purpose":"general"},"yoast_head":"<!-- This site is optimized with the Yoast SEO plugin v23.6 - https:\/\/yoast.com\/wordpress\/plugins\/seo\/ -->\n<title>Home - PIIMEP<\/title>\n<meta name=\"robots\" content=\"index, follow, max-snippet:-1, max-image-preview:large, max-video-preview:-1\" \/>\n<link rel=\"canonical\" href=\"https:\/\/samtecno.cl\/PIIMEP\/\" \/>\n<meta property=\"og:locale\" content=\"es_ES\" \/>\n<meta property=\"og:type\" content=\"article\" \/>\n<meta property=\"og:title\" content=\"Home - PIIMEP\" \/>\n<meta property=\"og:url\" content=\"https:\/\/samtecno.cl\/PIIMEP\/\" \/>\n<meta property=\"og:site_name\" content=\"PIIMEP\" \/>\n<meta property=\"article:modified_time\" content=\"2024-12-22T23:03:30+00:00\" \/>\n<meta name=\"twitter:card\" content=\"summary_large_image\" \/>\n<meta name=\"twitter:label1\" content=\"Tiempo estimado de lectura\" \/>\n\t<meta name=\"twitter:data1\" content=\"4 minutos\" \/>\n<script type=\"application\/ld+json\" class=\"yoast-schema-graph\">{\"@context\":\"https:\/\/schema.org\",\"@graph\":[{\"@type\":\"WebPage\",\"@id\":\"https:\/\/samtecno.cl\/PIIMEP\/\",\"url\":\"https:\/\/samtecno.cl\/PIIMEP\/\",\"name\":\"Home - PIIMEP\",\"isPartOf\":{\"@id\":\"https:\/\/samtecno.cl\/PIIMEP\/#website\"},\"datePublished\":\"2024-09-16T20:59:32+00:00\",\"dateModified\":\"2024-12-22T23:03:30+00:00\",\"breadcrumb\":{\"@id\":\"https:\/\/samtecno.cl\/PIIMEP\/#breadcrumb\"},\"inLanguage\":\"es-CL\",\"potentialAction\":[{\"@type\":\"ReadAction\",\"target\":[\"https:\/\/samtecno.cl\/PIIMEP\/\"]}]},{\"@type\":\"BreadcrumbList\",\"@id\":\"https:\/\/samtecno.cl\/PIIMEP\/#breadcrumb\",\"itemListElement\":[{\"@type\":\"ListItem\",\"position\":1,\"name\":\"Portada\",\"item\":\"https:\/\/samtecno.cl\/PIIMEP\/\"},{\"@type\":\"ListItem\",\"position\":2,\"name\":\"Home\"}]},{\"@type\":\"WebSite\",\"@id\":\"https:\/\/samtecno.cl\/PIIMEP\/#website\",\"url\":\"https:\/\/samtecno.cl\/PIIMEP\/\",\"name\":\"PIIMEP\",\"description\":\"Mejorar las condiciones de conectividad, accesibilidad, operaci\u00f3n y movilidad a trav\u00e9s de la elaboraci\u00f3n y ejecuci\u00f3n del Plan de Inversiones en Infraestructura de Movilidad y Espacio P\u00fablico. Mejorar la calidad de espacios p\u00fablicos, la cohesi\u00f3n social y la sustentabilidad urbana a ra\u00edz de la ejecuci\u00f3n del Plan de Inversiones en Infraestructura de Movilidad y Espacio P\u00fablico.\",\"publisher\":{\"@id\":\"https:\/\/samtecno.cl\/PIIMEP\/#organization\"},\"potentialAction\":[{\"@type\":\"SearchAction\",\"target\":{\"@type\":\"EntryPoint\",\"urlTemplate\":\"https:\/\/samtecno.cl\/PIIMEP\/?s={search_term_string}\"},\"query-input\":{\"@type\":\"PropertyValueSpecification\",\"valueRequired\":true,\"valueName\":\"search_term_string\"}}],\"inLanguage\":\"es-CL\"},{\"@type\":\"Organization\",\"@id\":\"https:\/\/samtecno.cl\/PIIMEP\/#organization\",\"name\":\"PIIMEP\",\"url\":\"https:\/\/samtecno.cl\/PIIMEP\/\",\"logo\":{\"@type\":\"ImageObject\",\"inLanguage\":\"es-CL\",\"@id\":\"https:\/\/samtecno.cl\/PIIMEP\/#\/schema\/logo\/image\/\",\"url\":\"https:\/\/samtecno.cl\/PIIMEP\/wp-content\/uploads\/2024\/09\/lareina-280.png\",\"contentUrl\":\"https:\/\/samtecno.cl\/PIIMEP\/wp-content\/uploads\/2024\/09\/lareina-280.png\",\"width\":348,\"height\":111,\"caption\":\"PIIMEP\"},\"image\":{\"@id\":\"https:\/\/samtecno.cl\/PIIMEP\/#\/schema\/logo\/image\/\"}}]}<\/script>\n<!-- \/ Yoast SEO plugin. -->","yoast_head_json":{"title":"Home - PIIMEP","robots":{"index":"index","follow":"follow","max-snippet":"max-snippet:-1","max-image-preview":"max-image-preview:large","max-video-preview":"max-video-preview:-1"},"canonical":"https:\/\/samtecno.cl\/PIIMEP\/","og_locale":"es_ES","og_type":"article","og_title":"Home - PIIMEP","og_url":"https:\/\/samtecno.cl\/PIIMEP\/","og_site_name":"PIIMEP","article_modified_time":"2024-12-22T23:03:30+00:00","twitter_card":"summary_large_image","twitter_misc":{"Tiempo estimado de lectura":"4 minutos"},"schema":{"@context":"https:\/\/schema.org","@graph":[{"@type":"WebPage","@id":"https:\/\/samtecno.cl\/PIIMEP\/","url":"https:\/\/samtecno.cl\/PIIMEP\/","name":"Home - PIIMEP","isPartOf":{"@id":"https:\/\/samtecno.cl\/PIIMEP\/#website"},"datePublished":"2024-09-16T20:59:32+00:00","dateModified":"2024-12-22T23:03:30+00:00","breadcrumb":{"@id":"https:\/\/samtecno.cl\/PIIMEP\/#breadcrumb"},"inLanguage":"es-CL","potentialAction":[{"@type":"ReadAction","target":["https:\/\/samtecno.cl\/PIIMEP\/"]}]},{"@type":"BreadcrumbList","@id":"https:\/\/samtecno.cl\/PIIMEP\/#breadcrumb","itemListElement":[{"@type":"ListItem","position":1,"name":"Portada","item":"https:\/\/samtecno.cl\/PIIMEP\/"},{"@type":"ListItem","position":2,"name":"Home"}]},{"@type":"WebSite","@id":"https:\/\/samtecno.cl\/PIIMEP\/#website","url":"https:\/\/samtecno.cl\/PIIMEP\/","name":"PIIMEP","description":"Mejorar las condiciones de conectividad, accesibilidad, operaci\u00f3n y movilidad a trav\u00e9s de la elaboraci\u00f3n y ejecuci\u00f3n del Plan de Inversiones en Infraestructura de Movilidad y Espacio P\u00fablico. Mejorar la calidad de espacios p\u00fablicos, la cohesi\u00f3n social y la sustentabilidad urbana a ra\u00edz de la ejecuci\u00f3n del Plan de Inversiones en Infraestructura de Movilidad y Espacio P\u00fablico.","publisher":{"@id":"https:\/\/samtecno.cl\/PIIMEP\/#organization"},"potentialAction":[{"@type":"SearchAction","target":{"@type":"EntryPoint","urlTemplate":"https:\/\/samtecno.cl\/PIIMEP\/?s={search_term_string}"},"query-input":{"@type":"PropertyValueSpecification","valueRequired":true,"valueName":"search_term_string"}}],"inLanguage":"es-CL"},{"@type":"Organization","@id":"https:\/\/samtecno.cl\/PIIMEP\/#organization","name":"PIIMEP","url":"https:\/\/samtecno.cl\/PIIMEP\/","logo":{"@type":"ImageObject","inLanguage":"es-CL","@id":"https:\/\/samtecno.cl\/PIIMEP\/#\/schema\/logo\/image\/","url":"https:\/\/samtecno.cl\/PIIMEP\/wp-content\/uploads\/2024\/09\/lareina-280.png","contentUrl":"https:\/\/samtecno.cl\/PIIMEP\/wp-content\/uploads\/2024\/09\/lareina-280.png","width":348,"height":111,"caption":"PIIMEP"},"image":{"@id":"https:\/\/samtecno.cl\/PIIMEP\/#\/schema\/logo\/image\/"}}]}},"_links":{"self":[{"href":"https:\/\/samtecno.cl\/PIIMEP\/index.php\/wp-json\/wp\/v2\/pages\/75","targetHints":{"allow":["GET"]}}],"collection":[{"href":"https:\/\/samtecno.cl\/PIIMEP\/index.php\/wp-json\/wp\/v2\/pages"}],"about":[{"href":"https:\/\/samtecno.cl\/PIIMEP\/index.php\/wp-json\/wp\/v2\/types\/page"}],"author":[{"embeddable":true,"href":"https:\/\/samtecno.cl\/PIIMEP\/index.php\/wp-json\/wp\/v2\/users\/1"}],"replies":[{"embeddable":true,"href":"https:\/\/samtecno.cl\/PIIMEP\/index.php\/wp-json\/wp\/v2\/comments?post=75"}],"version-history":[{"count":210,"href":"https:\/\/samtecno.cl\/PIIMEP\/index.php\/wp-json\/wp\/v2\/pages\/75\/revisions"}],"predecessor-version":[{"id":959,"href":"https:\/\/samtecno.cl\/PIIMEP\/index.php\/wp-json\/wp\/v2\/pages\/75\/revisions\/959"}],"wp:attachment":[{"href":"https:\/\/samtecno.cl\/PIIMEP\/index.php\/wp-json\/wp\/v2\/media?parent=75"}],"curies":[{"name":"wp","href":"https:\/\/api.w.org\/{rel}","templated":true}]}}