{"id":63,"date":"2026-01-16T18:37:33","date_gmt":"2026-01-16T18:37:33","guid":{"rendered":"https:\/\/samtecno.cl\/tienda\/?post_type=product&#038;p=63"},"modified":"2026-04-20T00:39:21","modified_gmt":"2026-04-20T00:39:21","slug":"estrategia-empresarial-y-ventas-una-mirada-desde-la-experiencia","status":"publish","type":"product","link":"https:\/\/samtecno.cl\/tienda\/index.php\/producto\/estrategia-empresarial-y-ventas-una-mirada-desde-la-experiencia\/","title":{"rendered":"Estrategia Empresarial y Ventas &#8220;una mirada desde la experiencia&#8221;"},"content":{"rendered":"<div class=\"relative basis-auto flex-col -mb-(--composer-overlap-px) [--composer-overlap-px:28px] grow flex\">\n<div class=\"flex flex-col text-sm\">\n<article class=\"text-token-text-primary w-full focus:outline-none [--shadow-height:45px] has-data-writing-block:pointer-events-none has-data-writing-block:-mt-(--shadow-height) has-data-writing-block:pt-(--shadow-height) [&amp;:has([data-writing-block])&gt;*]:pointer-events-auto [content-visibility:auto] supports-[content-visibility:auto]:[contain-intrinsic-size:auto_100lvh] scroll-mt-[calc(var(--header-height)+min(200px,max(70px,20svh)))]\" dir=\"auto\" tabindex=\"-1\" data-turn-id=\"request-WEB:d989ed73-ef99-4f48-b7cb-3efd65df32e6-0\" data-testid=\"conversation-turn-2\" data-scroll-anchor=\"true\" data-turn=\"assistant\">\n<div class=\"text-base my-auto mx-auto pb-10 [--thread-content-margin:--spacing(4)] @w-sm\/main:[--thread-content-margin:--spacing(6)] @w-lg\/main:[--thread-content-margin:--spacing(16)] px-(--thread-content-margin)\">\n<div class=\"[--thread-content-max-width:40rem] @w-lg\/main:[--thread-content-max-width:48rem] mx-auto max-w-(--thread-content-max-width) flex-1 group\/turn-messages focus-visible:outline-hidden relative flex w-full min-w-0 flex-col agent-turn\" tabindex=\"-1\">\n<div class=\"flex max-w-full flex-col grow\">\n<div class=\"min-h-8 text-message relative flex w-full flex-col items-end gap-2 text-start break-words whitespace-normal [.text-message+&amp;]:mt-1\" dir=\"auto\" data-message-author-role=\"assistant\" data-message-id=\"cdf628f0-4ab6-4ab2-8e3c-8ec1527f16f4\" data-message-model-slug=\"gpt-4o\">\n<div class=\"flex w-full flex-col gap-1 empty:hidden first:pt-[1px]\">\n<div class=\"markdown prose dark:prose-invert w-full break-words light markdown-new-styling\">\n<div id='gallery-1' class='gallery galleryid-63 gallery-columns-5 gallery-size-thumbnail'><figure class='gallery-item'>\n\t\t\t<div class='gallery-icon portrait'>\n\t\t\t\t<a href='https:\/\/samtecno.cl\/tienda\/wp-content\/uploads\/2026\/01\/Portada_Librillo_1.png'><img loading=\"lazy\" decoding=\"async\" width=\"150\" height=\"150\" src=\"https:\/\/samtecno.cl\/tienda\/wp-content\/uploads\/2026\/01\/Portada_Librillo_1-150x150.png\" class=\"attachment-thumbnail size-thumbnail\" alt=\"\" srcset=\"https:\/\/samtecno.cl\/tienda\/wp-content\/uploads\/2026\/01\/Portada_Librillo_1-150x150.png 150w, https:\/\/samtecno.cl\/tienda\/wp-content\/uploads\/2026\/01\/Portada_Librillo_1-100x100.png 100w\" sizes=\"auto, (max-width: 150px) 100vw, 150px\" \/><\/a>\n\t\t\t<\/div><\/figure><figure class='gallery-item'>\n\t\t\t<div class='gallery-icon portrait'>\n\t\t\t\t<a href='https:\/\/samtecno.cl\/tienda\/wp-content\/uploads\/2026\/01\/2.png'><img loading=\"lazy\" decoding=\"async\" width=\"150\" height=\"150\" src=\"https:\/\/samtecno.cl\/tienda\/wp-content\/uploads\/2026\/01\/2-150x150.png\" class=\"attachment-thumbnail size-thumbnail\" alt=\"\" srcset=\"https:\/\/samtecno.cl\/tienda\/wp-content\/uploads\/2026\/01\/2-150x150.png 150w, https:\/\/samtecno.cl\/tienda\/wp-content\/uploads\/2026\/01\/2-100x100.png 100w\" sizes=\"auto, (max-width: 150px) 100vw, 150px\" \/><\/a>\n\t\t\t<\/div><\/figure><figure class='gallery-item'>\n\t\t\t<div class='gallery-icon portrait'>\n\t\t\t\t<a href='https:\/\/samtecno.cl\/tienda\/wp-content\/uploads\/2026\/01\/3.png'><img loading=\"lazy\" decoding=\"async\" width=\"150\" height=\"150\" src=\"https:\/\/samtecno.cl\/tienda\/wp-content\/uploads\/2026\/01\/3-150x150.png\" class=\"attachment-thumbnail size-thumbnail\" alt=\"\" srcset=\"https:\/\/samtecno.cl\/tienda\/wp-content\/uploads\/2026\/01\/3-150x150.png 150w, https:\/\/samtecno.cl\/tienda\/wp-content\/uploads\/2026\/01\/3-100x100.png 100w\" sizes=\"auto, (max-width: 150px) 100vw, 150px\" \/><\/a>\n\t\t\t<\/div><\/figure><figure class='gallery-item'>\n\t\t\t<div class='gallery-icon portrait'>\n\t\t\t\t<a href='https:\/\/samtecno.cl\/tienda\/wp-content\/uploads\/2026\/01\/4.png'><img loading=\"lazy\" decoding=\"async\" width=\"150\" height=\"150\" src=\"https:\/\/samtecno.cl\/tienda\/wp-content\/uploads\/2026\/01\/4-150x150.png\" class=\"attachment-thumbnail size-thumbnail\" alt=\"\" srcset=\"https:\/\/samtecno.cl\/tienda\/wp-content\/uploads\/2026\/01\/4-150x150.png 150w, https:\/\/samtecno.cl\/tienda\/wp-content\/uploads\/2026\/01\/4-100x100.png 100w\" sizes=\"auto, (max-width: 150px) 100vw, 150px\" \/><\/a>\n\t\t\t<\/div><\/figure><figure class='gallery-item'>\n\t\t\t<div class='gallery-icon portrait'>\n\t\t\t\t<a href='https:\/\/samtecno.cl\/tienda\/wp-content\/uploads\/2026\/01\/5.png'><img loading=\"lazy\" decoding=\"async\" width=\"150\" height=\"150\" src=\"https:\/\/samtecno.cl\/tienda\/wp-content\/uploads\/2026\/01\/5-150x150.png\" class=\"attachment-thumbnail size-thumbnail\" alt=\"\" srcset=\"https:\/\/samtecno.cl\/tienda\/wp-content\/uploads\/2026\/01\/5-150x150.png 150w, https:\/\/samtecno.cl\/tienda\/wp-content\/uploads\/2026\/01\/5-100x100.png 100w\" sizes=\"auto, (max-width: 150px) 100vw, 150px\" \/><\/a>\n\t\t\t<\/div><\/figure><figure class='gallery-item'>\n\t\t\t<div class='gallery-icon portrait'>\n\t\t\t\t<a href='https:\/\/samtecno.cl\/tienda\/wp-content\/uploads\/2026\/01\/6.png'><img loading=\"lazy\" decoding=\"async\" width=\"150\" height=\"150\" src=\"https:\/\/samtecno.cl\/tienda\/wp-content\/uploads\/2026\/01\/6-150x150.png\" class=\"attachment-thumbnail size-thumbnail\" alt=\"\" srcset=\"https:\/\/samtecno.cl\/tienda\/wp-content\/uploads\/2026\/01\/6-150x150.png 150w, https:\/\/samtecno.cl\/tienda\/wp-content\/uploads\/2026\/01\/6-100x100.png 100w\" sizes=\"auto, (max-width: 150px) 100vw, 150px\" \/><\/a>\n\t\t\t<\/div><\/figure><figure class='gallery-item'>\n\t\t\t<div class='gallery-icon portrait'>\n\t\t\t\t<a href='https:\/\/samtecno.cl\/tienda\/wp-content\/uploads\/2026\/01\/7.png'><img loading=\"lazy\" decoding=\"async\" width=\"150\" height=\"150\" src=\"https:\/\/samtecno.cl\/tienda\/wp-content\/uploads\/2026\/01\/7-150x150.png\" class=\"attachment-thumbnail size-thumbnail\" alt=\"\" srcset=\"https:\/\/samtecno.cl\/tienda\/wp-content\/uploads\/2026\/01\/7-150x150.png 150w, https:\/\/samtecno.cl\/tienda\/wp-content\/uploads\/2026\/01\/7-100x100.png 100w\" sizes=\"auto, (max-width: 150px) 100vw, 150px\" \/><\/a>\n\t\t\t<\/div><\/figure><figure class='gallery-item'>\n\t\t\t<div class='gallery-icon portrait'>\n\t\t\t\t<a href='https:\/\/samtecno.cl\/tienda\/wp-content\/uploads\/2026\/01\/8.png'><img loading=\"lazy\" decoding=\"async\" width=\"150\" height=\"150\" src=\"https:\/\/samtecno.cl\/tienda\/wp-content\/uploads\/2026\/01\/8-150x150.png\" class=\"attachment-thumbnail size-thumbnail\" alt=\"\" srcset=\"https:\/\/samtecno.cl\/tienda\/wp-content\/uploads\/2026\/01\/8-150x150.png 150w, https:\/\/samtecno.cl\/tienda\/wp-content\/uploads\/2026\/01\/8-100x100.png 100w\" sizes=\"auto, (max-width: 150px) 100vw, 150px\" \/><\/a>\n\t\t\t<\/div><\/figure><figure class='gallery-item'>\n\t\t\t<div class='gallery-icon portrait'>\n\t\t\t\t<a href='https:\/\/samtecno.cl\/tienda\/wp-content\/uploads\/2026\/01\/9.png'><img loading=\"lazy\" decoding=\"async\" width=\"150\" height=\"150\" src=\"https:\/\/samtecno.cl\/tienda\/wp-content\/uploads\/2026\/01\/9-150x150.png\" class=\"attachment-thumbnail size-thumbnail\" alt=\"\" srcset=\"https:\/\/samtecno.cl\/tienda\/wp-content\/uploads\/2026\/01\/9-150x150.png 150w, https:\/\/samtecno.cl\/tienda\/wp-content\/uploads\/2026\/01\/9-100x100.png 100w\" sizes=\"auto, (max-width: 150px) 100vw, 150px\" \/><\/a>\n\t\t\t<\/div><\/figure><figure class='gallery-item'>\n\t\t\t<div class='gallery-icon portrait'>\n\t\t\t\t<a href='https:\/\/samtecno.cl\/tienda\/wp-content\/uploads\/2026\/01\/10.png'><img loading=\"lazy\" decoding=\"async\" width=\"150\" height=\"150\" src=\"https:\/\/samtecno.cl\/tienda\/wp-content\/uploads\/2026\/01\/10-150x150.png\" class=\"attachment-thumbnail size-thumbnail\" alt=\"\" srcset=\"https:\/\/samtecno.cl\/tienda\/wp-content\/uploads\/2026\/01\/10-150x150.png 150w, https:\/\/samtecno.cl\/tienda\/wp-content\/uploads\/2026\/01\/10-100x100.png 100w\" sizes=\"auto, (max-width: 150px) 100vw, 150px\" \/><\/a>\n\t\t\t<\/div><\/figure>\n\t\t<\/div>\n\n<p data-start=\"254\" data-end=\"332\"><strong data-start=\"254\" data-end=\"332\">La venta no es improvisar. Es construir una estrategia s\u00f3lida y coherente.<\/strong><\/p>\n<p data-start=\"334\" data-end=\"510\">Este libro no es teor\u00eda. Es una gu\u00eda pr\u00e1ctica, directa y probada en terreno para emprendedores, l\u00edderes de equipos comerciales y consultores que necesitan resultados concretos.<\/p>\n<p data-start=\"512\" data-end=\"646\">Con un lenguaje claro y aplicable, Sergio Araya M. te lleva paso a paso por los 5 pilares que transforman ideas en negocios rentables:<\/p>\n<ul data-start=\"648\" data-end=\"987\">\n<li data-start=\"648\" data-end=\"722\">\n<p data-start=\"650\" data-end=\"722\"><strong data-start=\"650\" data-end=\"675\">Business Model Canvas<\/strong>: estructura tu modelo de negocio con claridad.<\/p>\n<\/li>\n<li data-start=\"723\" data-end=\"796\">\n<p data-start=\"725\" data-end=\"796\"><strong data-start=\"725\" data-end=\"742\">An\u00e1lisis FODA<\/strong>: identifica con honestidad tus fortalezas y desaf\u00edos.<\/p>\n<\/li>\n<li data-start=\"797\" data-end=\"862\">\n<p data-start=\"799\" data-end=\"862\"><strong data-start=\"799\" data-end=\"823\">Las 4P del Marketing<\/strong>: construye una propuesta irresistible.<\/p>\n<\/li>\n<li data-start=\"863\" data-end=\"933\">\n<p data-start=\"865\" data-end=\"933\"><strong data-start=\"865\" data-end=\"883\">Elevator Pitch<\/strong>: aprende a contar tu valor en menos de un minuto.<\/p>\n<\/li>\n<li data-start=\"934\" data-end=\"987\">\n<p data-start=\"936\" data-end=\"987\"><strong data-start=\"936\" data-end=\"950\">Quick Wins<\/strong>: genera impacto r\u00e1pido y sostenible.<\/p>\n<\/li>\n<\/ul>\n<p data-start=\"989\" data-end=\"1200\">Basado en m\u00e1s de 15 a\u00f1os de experiencia internacional, el autor comparte herramientas visuales, casos reales y metodolog\u00edas \u00e1giles para ayudarte a tomar decisiones estrat\u00e9gicas y conectar mejor con tus clientes.<\/p>\n<p data-start=\"1202\" data-end=\"1338\">Si est\u00e1s buscando una hoja de ruta pr\u00e1ctica para ordenar tu negocio, aumentar tus ventas y liderar con prop\u00f3sito, este libro es para ti.<\/p>\n<\/div>\n<\/div>\n<\/div>\n<\/div>\n<\/div>\n<\/div>\n<\/article>\n<\/div>\n<\/div>\n","protected":false},"excerpt":{"rendered":"<p>\u00bfSabes qu\u00e9 tienen en com\u00fan los negocios que venden bien, incluso en tiempos dif\u00edciles?<\/p>\n<p>No improvisan. Tienen una estrategia clara, coherente y aplicable.<br \/>\nEste libro nace despu\u00e9s de a\u00f1os trabajando con emprendedores, Multinacionales, equipos comerciales y consultores que necesitaban una br\u00fajula para tomar decisiones y vender con prop\u00f3sito.<\/p>\n<p data-start=\"254\" data-end=\"332\"><strong data-start=\"254\" data-end=\"332\">La venta no es improvisar. Es construir una estrategia s\u00f3lida y coherente.<\/strong><\/p>\n<p data-start=\"334\" data-end=\"510\">Este libro no es teor\u00eda. Es una gu\u00eda pr\u00e1ctica, directa y probada en terreno para emprendedores, l\u00edderes de equipos comerciales y consultores que necesitan resultados concretos.<\/p>\n<p data-start=\"512\" data-end=\"646\">Con un lenguaje claro y aplicable, Sergio Araya M. te lleva paso a paso por los 5 pilares que transforman ideas en negocios.<\/p>\n<p>Una gu\u00eda pr\u00e1ctica y directa para emprendedores, l\u00edderes y consultores que quieren vender con estrategia. Aprende a aplicar el Canvas, FODA, las 4P, Elevator Pitch y Quick Wins con ejemplos reales y resultados concretos. No m\u00e1s improvisaci\u00f3n: empieza a construir ventas s\u00f3lidas desde hoy.<\/p>\n","protected":false},"featured_media":103,"comment_status":"open","ping_status":"closed","template":"","meta":[],"product_brand":[19],"product_cat":[16],"product_tag":[],"class_list":{"0":"post-63","1":"product","2":"type-product","3":"status-publish","4":"has-post-thumbnail","6":"product_brand-samtecno","7":"product_cat-libros","9":"first","10":"instock","11":"sale","12":"taxable","13":"shipping-taxable","14":"purchasable","15":"product-type-simple"},"yoast_head":"<!-- This site is optimized with the Yoast SEO plugin v26.8 - https:\/\/yoast.com\/product\/yoast-seo-wordpress\/ -->\n<title>Estrategia Empresarial y Ventas &quot;una mirada desde la experiencia&quot; - Comercial Samtecno<\/title>\n<meta name=\"description\" content=\"La venta no es improvisar. Es construir una estrategia s\u00f3lida y coherente.Este libro no es teor\u00eda. Es una gu\u00eda pr\u00e1ctica, directa y probada en terreno para emprendedores, l\u00edderes de equipos comerciales y consultores que necesitan resultados concretos.\" \/>\n<meta name=\"robots\" content=\"index, follow, max-snippet:-1, max-image-preview:large, max-video-preview:-1\" \/>\n<link rel=\"canonical\" href=\"https:\/\/samtecno.cl\/tienda\/index.php\/producto\/estrategia-empresarial-y-ventas-una-mirada-desde-la-experiencia\/\" \/>\n<meta property=\"og:locale\" content=\"es_ES\" \/>\n<meta property=\"og:type\" content=\"article\" \/>\n<meta property=\"og:title\" content=\"Estrategia Empresarial y Ventas &quot;una mirada desde la experiencia&quot; - Comercial Samtecno\" \/>\n<meta property=\"og:description\" content=\"La venta no es improvisar. Es construir una estrategia s\u00f3lida y coherente.Este libro no es teor\u00eda. Es una gu\u00eda pr\u00e1ctica, directa y probada en terreno para emprendedores, l\u00edderes de equipos comerciales y consultores que necesitan resultados concretos.\" \/>\n<meta property=\"og:url\" content=\"https:\/\/samtecno.cl\/tienda\/index.php\/producto\/estrategia-empresarial-y-ventas-una-mirada-desde-la-experiencia\/\" \/>\n<meta property=\"og:site_name\" content=\"Comercial Samtecno\" \/>\n<meta property=\"article:modified_time\" content=\"2026-04-20T00:39:21+00:00\" \/>\n<meta property=\"og:image\" content=\"https:\/\/samtecno.cl\/tienda\/wp-content\/uploads\/2026\/01\/estrategia-empresarial-ventas-sergio-araya.png\" \/>\n\t<meta property=\"og:image:width\" content=\"634\" \/>\n\t<meta property=\"og:image:height\" content=\"913\" \/>\n\t<meta property=\"og:image:type\" content=\"image\/png\" \/>\n<meta name=\"twitter:card\" content=\"summary_large_image\" \/>\n<meta name=\"twitter:label1\" content=\"Tiempo estimado de lectura\" \/>\n\t<meta name=\"twitter:data1\" content=\"2 minutos\" \/>\n<script type=\"application\/ld+json\" class=\"yoast-schema-graph\">{\"@context\":\"https:\/\/schema.org\",\"@graph\":[{\"@type\":\"WebPage\",\"@id\":\"https:\/\/samtecno.cl\/tienda\/index.php\/producto\/estrategia-empresarial-y-ventas-una-mirada-desde-la-experiencia\/\",\"url\":\"https:\/\/samtecno.cl\/tienda\/index.php\/producto\/estrategia-empresarial-y-ventas-una-mirada-desde-la-experiencia\/\",\"name\":\"Estrategia Empresarial y Ventas \\\"una mirada desde la experiencia\\\" - Comercial Samtecno\",\"isPartOf\":{\"@id\":\"https:\/\/samtecno.cl\/tienda\/#website\"},\"primaryImageOfPage\":{\"@id\":\"https:\/\/samtecno.cl\/tienda\/index.php\/producto\/estrategia-empresarial-y-ventas-una-mirada-desde-la-experiencia\/#primaryimage\"},\"image\":{\"@id\":\"https:\/\/samtecno.cl\/tienda\/index.php\/producto\/estrategia-empresarial-y-ventas-una-mirada-desde-la-experiencia\/#primaryimage\"},\"thumbnailUrl\":\"https:\/\/samtecno.cl\/tienda\/wp-content\/uploads\/2026\/01\/estrategia-empresarial-ventas-sergio-araya.png\",\"datePublished\":\"2026-01-16T18:37:33+00:00\",\"dateModified\":\"2026-04-20T00:39:21+00:00\",\"description\":\"La venta no es improvisar. Es construir una estrategia s\u00f3lida y coherente.Este libro no es teor\u00eda. Es una gu\u00eda pr\u00e1ctica, directa y probada en terreno para emprendedores, l\u00edderes de equipos comerciales y consultores que necesitan resultados concretos.\",\"breadcrumb\":{\"@id\":\"https:\/\/samtecno.cl\/tienda\/index.php\/producto\/estrategia-empresarial-y-ventas-una-mirada-desde-la-experiencia\/#breadcrumb\"},\"inLanguage\":\"es-CL\",\"potentialAction\":[{\"@type\":\"ReadAction\",\"target\":[\"https:\/\/samtecno.cl\/tienda\/index.php\/producto\/estrategia-empresarial-y-ventas-una-mirada-desde-la-experiencia\/\"]}]},{\"@type\":\"ImageObject\",\"inLanguage\":\"es-CL\",\"@id\":\"https:\/\/samtecno.cl\/tienda\/index.php\/producto\/estrategia-empresarial-y-ventas-una-mirada-desde-la-experiencia\/#primaryimage\",\"url\":\"https:\/\/samtecno.cl\/tienda\/wp-content\/uploads\/2026\/01\/estrategia-empresarial-ventas-sergio-araya.png\",\"contentUrl\":\"https:\/\/samtecno.cl\/tienda\/wp-content\/uploads\/2026\/01\/estrategia-empresarial-ventas-sergio-araya.png\",\"width\":634,\"height\":913},{\"@type\":\"BreadcrumbList\",\"@id\":\"https:\/\/samtecno.cl\/tienda\/index.php\/producto\/estrategia-empresarial-y-ventas-una-mirada-desde-la-experiencia\/#breadcrumb\",\"itemListElement\":[{\"@type\":\"ListItem\",\"position\":1,\"name\":\"Portada\",\"item\":\"https:\/\/samtecno.cl\/tienda\/\"},{\"@type\":\"ListItem\",\"position\":2,\"name\":\"Tienda\",\"item\":\"https:\/\/samtecno.cl\/tienda\/\"},{\"@type\":\"ListItem\",\"position\":3,\"name\":\"Estrategia Empresarial y Ventas &#8220;una mirada desde la experiencia&#8221;\"}]},{\"@type\":\"WebSite\",\"@id\":\"https:\/\/samtecno.cl\/tienda\/#website\",\"url\":\"https:\/\/samtecno.cl\/tienda\/\",\"name\":\"Comercial Samtecno\",\"description\":\"\",\"potentialAction\":[{\"@type\":\"SearchAction\",\"target\":{\"@type\":\"EntryPoint\",\"urlTemplate\":\"https:\/\/samtecno.cl\/tienda\/?s={search_term_string}\"},\"query-input\":{\"@type\":\"PropertyValueSpecification\",\"valueRequired\":true,\"valueName\":\"search_term_string\"}}],\"inLanguage\":\"es-CL\"}]}<\/script>\n<!-- \/ Yoast SEO plugin. -->","yoast_head_json":{"title":"Estrategia Empresarial y Ventas \"una mirada desde la experiencia\" - Comercial Samtecno","description":"La venta no es improvisar. Es construir una estrategia s\u00f3lida y coherente.Este libro no es teor\u00eda. Es una gu\u00eda pr\u00e1ctica, directa y probada en terreno para emprendedores, l\u00edderes de equipos comerciales y consultores que necesitan resultados concretos.","robots":{"index":"index","follow":"follow","max-snippet":"max-snippet:-1","max-image-preview":"max-image-preview:large","max-video-preview":"max-video-preview:-1"},"canonical":"https:\/\/samtecno.cl\/tienda\/index.php\/producto\/estrategia-empresarial-y-ventas-una-mirada-desde-la-experiencia\/","og_locale":"es_ES","og_type":"article","og_title":"Estrategia Empresarial y Ventas \"una mirada desde la experiencia\" - Comercial Samtecno","og_description":"La venta no es improvisar. Es construir una estrategia s\u00f3lida y coherente.Este libro no es teor\u00eda. Es una gu\u00eda pr\u00e1ctica, directa y probada en terreno para emprendedores, l\u00edderes de equipos comerciales y consultores que necesitan resultados concretos.","og_url":"https:\/\/samtecno.cl\/tienda\/index.php\/producto\/estrategia-empresarial-y-ventas-una-mirada-desde-la-experiencia\/","og_site_name":"Comercial Samtecno","article_modified_time":"2026-04-20T00:39:21+00:00","og_image":[{"width":634,"height":913,"url":"https:\/\/samtecno.cl\/tienda\/wp-content\/uploads\/2026\/01\/estrategia-empresarial-ventas-sergio-araya.png","type":"image\/png"}],"twitter_card":"summary_large_image","twitter_misc":{"Tiempo estimado de lectura":"2 minutos"},"schema":{"@context":"https:\/\/schema.org","@graph":[{"@type":"WebPage","@id":"https:\/\/samtecno.cl\/tienda\/index.php\/producto\/estrategia-empresarial-y-ventas-una-mirada-desde-la-experiencia\/","url":"https:\/\/samtecno.cl\/tienda\/index.php\/producto\/estrategia-empresarial-y-ventas-una-mirada-desde-la-experiencia\/","name":"Estrategia Empresarial y Ventas \"una mirada desde la experiencia\" - Comercial Samtecno","isPartOf":{"@id":"https:\/\/samtecno.cl\/tienda\/#website"},"primaryImageOfPage":{"@id":"https:\/\/samtecno.cl\/tienda\/index.php\/producto\/estrategia-empresarial-y-ventas-una-mirada-desde-la-experiencia\/#primaryimage"},"image":{"@id":"https:\/\/samtecno.cl\/tienda\/index.php\/producto\/estrategia-empresarial-y-ventas-una-mirada-desde-la-experiencia\/#primaryimage"},"thumbnailUrl":"https:\/\/samtecno.cl\/tienda\/wp-content\/uploads\/2026\/01\/estrategia-empresarial-ventas-sergio-araya.png","datePublished":"2026-01-16T18:37:33+00:00","dateModified":"2026-04-20T00:39:21+00:00","description":"La venta no es improvisar. Es construir una estrategia s\u00f3lida y coherente.Este libro no es teor\u00eda. Es una gu\u00eda pr\u00e1ctica, directa y probada en terreno para emprendedores, l\u00edderes de equipos comerciales y consultores que necesitan resultados concretos.","breadcrumb":{"@id":"https:\/\/samtecno.cl\/tienda\/index.php\/producto\/estrategia-empresarial-y-ventas-una-mirada-desde-la-experiencia\/#breadcrumb"},"inLanguage":"es-CL","potentialAction":[{"@type":"ReadAction","target":["https:\/\/samtecno.cl\/tienda\/index.php\/producto\/estrategia-empresarial-y-ventas-una-mirada-desde-la-experiencia\/"]}]},{"@type":"ImageObject","inLanguage":"es-CL","@id":"https:\/\/samtecno.cl\/tienda\/index.php\/producto\/estrategia-empresarial-y-ventas-una-mirada-desde-la-experiencia\/#primaryimage","url":"https:\/\/samtecno.cl\/tienda\/wp-content\/uploads\/2026\/01\/estrategia-empresarial-ventas-sergio-araya.png","contentUrl":"https:\/\/samtecno.cl\/tienda\/wp-content\/uploads\/2026\/01\/estrategia-empresarial-ventas-sergio-araya.png","width":634,"height":913},{"@type":"BreadcrumbList","@id":"https:\/\/samtecno.cl\/tienda\/index.php\/producto\/estrategia-empresarial-y-ventas-una-mirada-desde-la-experiencia\/#breadcrumb","itemListElement":[{"@type":"ListItem","position":1,"name":"Portada","item":"https:\/\/samtecno.cl\/tienda\/"},{"@type":"ListItem","position":2,"name":"Tienda","item":"https:\/\/samtecno.cl\/tienda\/"},{"@type":"ListItem","position":3,"name":"Estrategia Empresarial y Ventas &#8220;una mirada desde la experiencia&#8221;"}]},{"@type":"WebSite","@id":"https:\/\/samtecno.cl\/tienda\/#website","url":"https:\/\/samtecno.cl\/tienda\/","name":"Comercial Samtecno","description":"","potentialAction":[{"@type":"SearchAction","target":{"@type":"EntryPoint","urlTemplate":"https:\/\/samtecno.cl\/tienda\/?s={search_term_string}"},"query-input":{"@type":"PropertyValueSpecification","valueRequired":true,"valueName":"search_term_string"}}],"inLanguage":"es-CL"}]}},"jetpack_sharing_enabled":true,"_links":{"self":[{"href":"https:\/\/samtecno.cl\/tienda\/index.php\/wp-json\/wp\/v2\/product\/63","targetHints":{"allow":["GET"]}}],"collection":[{"href":"https:\/\/samtecno.cl\/tienda\/index.php\/wp-json\/wp\/v2\/product"}],"about":[{"href":"https:\/\/samtecno.cl\/tienda\/index.php\/wp-json\/wp\/v2\/types\/product"}],"replies":[{"embeddable":true,"href":"https:\/\/samtecno.cl\/tienda\/index.php\/wp-json\/wp\/v2\/comments?post=63"}],"wp:featuredmedia":[{"embeddable":true,"href":"https:\/\/samtecno.cl\/tienda\/index.php\/wp-json\/wp\/v2\/media\/103"}],"wp:attachment":[{"href":"https:\/\/samtecno.cl\/tienda\/index.php\/wp-json\/wp\/v2\/media?parent=63"}],"wp:term":[{"taxonomy":"product_brand","embeddable":true,"href":"https:\/\/samtecno.cl\/tienda\/index.php\/wp-json\/wp\/v2\/product_brand?post=63"},{"taxonomy":"product_cat","embeddable":true,"href":"https:\/\/samtecno.cl\/tienda\/index.php\/wp-json\/wp\/v2\/product_cat?post=63"},{"taxonomy":"product_tag","embeddable":true,"href":"https:\/\/samtecno.cl\/tienda\/index.php\/wp-json\/wp\/v2\/product_tag?post=63"}],"curies":[{"name":"wp","href":"https:\/\/api.w.org\/{rel}","templated":true}]}}