{"id":390,"date":"2025-02-04T20:27:49","date_gmt":"2025-02-04T17:27:49","guid":{"rendered":"https:\/\/samtecno.cl\/v3\/civil-industrial\/"},"modified":"2025-02-04T22:30:01","modified_gmt":"2025-02-04T19:30:01","slug":"civil-industrial","status":"publish","type":"page","link":"https:\/\/samtecno.cl\/v3\/civil-industrial\/","title":{"rendered":"Civil\u00a0Industrial"},"content":{"rendered":"","protected":false},"excerpt":{"rendered":"","protected":false},"author":2,"featured_media":0,"parent":0,"menu_order":0,"comment_status":"closed","ping_status":"closed","template":"full-width","meta":{"saved_in_kubio":true,"_monsterinsights_skip_tracking":false,"_monsterinsights_sitenote_active":false,"_monsterinsights_sitenote_note":"","_monsterinsights_sitenote_category":0,"footnotes":""},"class_list":["post-390","page","type-page","status-publish","hentry"],"aioseo_notices":[],"kubio_ai_page_context":{"short_desc":"","purpose":"general"},"yoast_head":"<!-- This site is optimized with the Yoast SEO plugin v26.8 - https:\/\/yoast.com\/product\/yoast-seo-wordpress\/ -->\n<title>Civil\u00a0Industrial - SAMTECNO<\/title>\n<meta name=\"robots\" content=\"index, follow, max-snippet:-1, max-image-preview:large, max-video-preview:-1\" \/>\n<link rel=\"canonical\" href=\"https:\/\/samtecno.cl\/v3\/civil-industrial\/\" \/>\n<meta property=\"og:locale\" content=\"es_ES\" \/>\n<meta property=\"og:type\" content=\"article\" \/>\n<meta property=\"og:title\" content=\"Civil\u00a0Industrial - SAMTECNO\" \/>\n<meta property=\"og:url\" content=\"https:\/\/samtecno.cl\/v3\/civil-industrial\/\" \/>\n<meta property=\"og:site_name\" content=\"SAMTECNO\" \/>\n<meta property=\"article:modified_time\" content=\"2025-02-04T19:30:01+00:00\" \/>\n<meta name=\"twitter:card\" content=\"summary_large_image\" \/>\n<meta name=\"twitter:label1\" content=\"Tiempo estimado de lectura\" \/>\n\t<meta name=\"twitter:data1\" content=\"1 minuto\" \/>\n<script type=\"application\/ld+json\" class=\"yoast-schema-graph\">{\"@context\":\"https:\/\/schema.org\",\"@graph\":[{\"@type\":\"WebPage\",\"@id\":\"https:\/\/samtecno.cl\/v3\/civil-industrial\/\",\"url\":\"https:\/\/samtecno.cl\/v3\/civil-industrial\/\",\"name\":\"Civil\u00a0Industrial - SAMTECNO\",\"isPartOf\":{\"@id\":\"https:\/\/samtecno.cl\/v3\/#website\"},\"datePublished\":\"2025-02-04T17:27:49+00:00\",\"dateModified\":\"2025-02-04T19:30:01+00:00\",\"breadcrumb\":{\"@id\":\"https:\/\/samtecno.cl\/v3\/civil-industrial\/#breadcrumb\"},\"inLanguage\":\"es-CL\",\"potentialAction\":[{\"@type\":\"ReadAction\",\"target\":[\"https:\/\/samtecno.cl\/v3\/civil-industrial\/\"]}]},{\"@type\":\"BreadcrumbList\",\"@id\":\"https:\/\/samtecno.cl\/v3\/civil-industrial\/#breadcrumb\",\"itemListElement\":[{\"@type\":\"ListItem\",\"position\":1,\"name\":\"Portada\",\"item\":\"https:\/\/samtecno.cl\/v3\/\"},{\"@type\":\"ListItem\",\"position\":2,\"name\":\"Civil\u00a0Industrial\"}]},{\"@type\":\"WebSite\",\"@id\":\"https:\/\/samtecno.cl\/v3\/#website\",\"url\":\"https:\/\/samtecno.cl\/v3\/\",\"name\":\"SAMTECNO\",\"description\":\"SAMTECNO  es una empresa de capitales chilenos con foco en el  desarrollo de tecnolog\u00edas , Ingenier\u00eda  y de procesos de  negocio, que busca la diferenciaci\u00f3n con sus clientes a trav\u00e9s de  la entrega de un servicio de alta calidad y vanguardia en los  desarrollos y productos que ofrecemos\",\"publisher\":{\"@id\":\"https:\/\/samtecno.cl\/v3\/#organization\"},\"potentialAction\":[{\"@type\":\"SearchAction\",\"target\":{\"@type\":\"EntryPoint\",\"urlTemplate\":\"https:\/\/samtecno.cl\/v3\/?s={search_term_string}\"},\"query-input\":{\"@type\":\"PropertyValueSpecification\",\"valueRequired\":true,\"valueName\":\"search_term_string\"}}],\"inLanguage\":\"es-CL\"},{\"@type\":\"Organization\",\"@id\":\"https:\/\/samtecno.cl\/v3\/#organization\",\"name\":\"SAMTECNO\",\"url\":\"https:\/\/samtecno.cl\/v3\/\",\"logo\":{\"@type\":\"ImageObject\",\"inLanguage\":\"es-CL\",\"@id\":\"https:\/\/samtecno.cl\/v3\/#\/schema\/logo\/image\/\",\"url\":\"https:\/\/samtecno.cl\/v3\/wp-content\/uploads\/2025\/01\/cropped-logo_SAMTECNO_Black-e1738188650290.jpg\",\"contentUrl\":\"https:\/\/samtecno.cl\/v3\/wp-content\/uploads\/2025\/01\/cropped-logo_SAMTECNO_Black-e1738188650290.jpg\",\"width\":512,\"height\":512,\"caption\":\"SAMTECNO\"},\"image\":{\"@id\":\"https:\/\/samtecno.cl\/v3\/#\/schema\/logo\/image\/\"}}]}<\/script>\n<!-- \/ Yoast SEO plugin. -->","yoast_head_json":{"title":"Civil\u00a0Industrial - SAMTECNO","robots":{"index":"index","follow":"follow","max-snippet":"max-snippet:-1","max-image-preview":"max-image-preview:large","max-video-preview":"max-video-preview:-1"},"canonical":"https:\/\/samtecno.cl\/v3\/civil-industrial\/","og_locale":"es_ES","og_type":"article","og_title":"Civil\u00a0Industrial - SAMTECNO","og_url":"https:\/\/samtecno.cl\/v3\/civil-industrial\/","og_site_name":"SAMTECNO","article_modified_time":"2025-02-04T19:30:01+00:00","twitter_card":"summary_large_image","twitter_misc":{"Tiempo estimado de lectura":"1 minuto"},"schema":{"@context":"https:\/\/schema.org","@graph":[{"@type":"WebPage","@id":"https:\/\/samtecno.cl\/v3\/civil-industrial\/","url":"https:\/\/samtecno.cl\/v3\/civil-industrial\/","name":"Civil\u00a0Industrial - SAMTECNO","isPartOf":{"@id":"https:\/\/samtecno.cl\/v3\/#website"},"datePublished":"2025-02-04T17:27:49+00:00","dateModified":"2025-02-04T19:30:01+00:00","breadcrumb":{"@id":"https:\/\/samtecno.cl\/v3\/civil-industrial\/#breadcrumb"},"inLanguage":"es-CL","potentialAction":[{"@type":"ReadAction","target":["https:\/\/samtecno.cl\/v3\/civil-industrial\/"]}]},{"@type":"BreadcrumbList","@id":"https:\/\/samtecno.cl\/v3\/civil-industrial\/#breadcrumb","itemListElement":[{"@type":"ListItem","position":1,"name":"Portada","item":"https:\/\/samtecno.cl\/v3\/"},{"@type":"ListItem","position":2,"name":"Civil\u00a0Industrial"}]},{"@type":"WebSite","@id":"https:\/\/samtecno.cl\/v3\/#website","url":"https:\/\/samtecno.cl\/v3\/","name":"SAMTECNO","description":"SAMTECNO  es una empresa de capitales chilenos con foco en el  desarrollo de tecnolog\u00edas , Ingenier\u00eda  y de procesos de  negocio, que busca la diferenciaci\u00f3n con sus clientes a trav\u00e9s de  la entrega de un servicio de alta calidad y vanguardia en los  desarrollos y productos que ofrecemos","publisher":{"@id":"https:\/\/samtecno.cl\/v3\/#organization"},"potentialAction":[{"@type":"SearchAction","target":{"@type":"EntryPoint","urlTemplate":"https:\/\/samtecno.cl\/v3\/?s={search_term_string}"},"query-input":{"@type":"PropertyValueSpecification","valueRequired":true,"valueName":"search_term_string"}}],"inLanguage":"es-CL"},{"@type":"Organization","@id":"https:\/\/samtecno.cl\/v3\/#organization","name":"SAMTECNO","url":"https:\/\/samtecno.cl\/v3\/","logo":{"@type":"ImageObject","inLanguage":"es-CL","@id":"https:\/\/samtecno.cl\/v3\/#\/schema\/logo\/image\/","url":"https:\/\/samtecno.cl\/v3\/wp-content\/uploads\/2025\/01\/cropped-logo_SAMTECNO_Black-e1738188650290.jpg","contentUrl":"https:\/\/samtecno.cl\/v3\/wp-content\/uploads\/2025\/01\/cropped-logo_SAMTECNO_Black-e1738188650290.jpg","width":512,"height":512,"caption":"SAMTECNO"},"image":{"@id":"https:\/\/samtecno.cl\/v3\/#\/schema\/logo\/image\/"}}]}},"_links":{"self":[{"href":"https:\/\/samtecno.cl\/v3\/wp-json\/wp\/v2\/pages\/390","targetHints":{"allow":["GET"]}}],"collection":[{"href":"https:\/\/samtecno.cl\/v3\/wp-json\/wp\/v2\/pages"}],"about":[{"href":"https:\/\/samtecno.cl\/v3\/wp-json\/wp\/v2\/types\/page"}],"author":[{"embeddable":true,"href":"https:\/\/samtecno.cl\/v3\/wp-json\/wp\/v2\/users\/2"}],"replies":[{"embeddable":true,"href":"https:\/\/samtecno.cl\/v3\/wp-json\/wp\/v2\/comments?post=390"}],"version-history":[{"count":2,"href":"https:\/\/samtecno.cl\/v3\/wp-json\/wp\/v2\/pages\/390\/revisions"}],"predecessor-version":[{"id":409,"href":"https:\/\/samtecno.cl\/v3\/wp-json\/wp\/v2\/pages\/390\/revisions\/409"}],"wp:attachment":[{"href":"https:\/\/samtecno.cl\/v3\/wp-json\/wp\/v2\/media?parent=390"}],"curies":[{"name":"wp","href":"https:\/\/api.w.org\/{rel}","templated":true}]}}